{"id":776,"date":"2022-06-25T10:08:24","date_gmt":"2022-06-25T10:08:24","guid":{"rendered":"https:\/\/porodicnavinarijaorlic.rs\/products\/muscat-ottonel\/"},"modified":"2022-06-25T10:08:24","modified_gmt":"2022-06-25T10:08:24","slug":"muscat-ottonel","status":"publish","type":"product","link":"https:\/\/porodicnavinarijaorlic.rs\/ro\/produise\/muscat-ottonel\/","title":{"rendered":"Muscat Ottonel"},"content":{"rendered":"","protected":false},"excerpt":{"rendered":"<p>Muscat Ottonel este un soi de vin creat prin combinarea Muscatului din Samur \u0219i Sasla \u00een regiunea de Sud a Banatului. Cu mirosul s\u0103u vioi \u0219i aroma armonioas\u0103 de pepene, salc\u00e2m, tei \u0219i, uneori, flori de soc \u0219i citrice, acest soi special v\u0103 va captiva sim\u021burile cu fiecare \u00eenghi\u021bitur\u0103. \u00a0Jocul deosebit al acestui soi iese la iveal\u0103 atunci c\u00e2nd este servit \u00eempreun\u0103 cu Brie \u0219i cu alte tipuri de br\u00e2nz\u0103 cu mucegai alb. Muscat Ottonel este combinat cu pe\u0219te, carne alb\u0103, sosuri u\u0219oare \u0219i salate.<\/p>\n","protected":false},"featured_media":569,"template":"","meta":[],"product_cat":[57],"product_tag":[],"class_list":{"0":"post-776","1":"product","2":"type-product","3":"status-publish","4":"has-post-thumbnail","6":"product_cat-vin-alb","8":"first","9":"instock","10":"shipping-taxable","11":"purchasable","12":"product-type-simple"},"_links":{"self":[{"href":"https:\/\/porodicnavinarijaorlic.rs\/ro\/wp-json\/wp\/v2\/product\/776","targetHints":{"allow":["GET"]}}],"collection":[{"href":"https:\/\/porodicnavinarijaorlic.rs\/ro\/wp-json\/wp\/v2\/product"}],"about":[{"href":"https:\/\/porodicnavinarijaorlic.rs\/ro\/wp-json\/wp\/v2\/types\/product"}],"version-history":[{"count":0,"href":"https:\/\/porodicnavinarijaorlic.rs\/ro\/wp-json\/wp\/v2\/product\/776\/revisions"}],"wp:featuredmedia":[{"embeddable":true,"href":"https:\/\/porodicnavinarijaorlic.rs\/ro\/wp-json\/wp\/v2\/media\/569"}],"wp:attachment":[{"href":"https:\/\/porodicnavinarijaorlic.rs\/ro\/wp-json\/wp\/v2\/media?parent=776"}],"wp:term":[{"taxonomy":"product_cat","embeddable":true,"href":"https:\/\/porodicnavinarijaorlic.rs\/ro\/wp-json\/wp\/v2\/product_cat?post=776"},{"taxonomy":"product_tag","embeddable":true,"href":"https:\/\/porodicnavinarijaorlic.rs\/ro\/wp-json\/wp\/v2\/product_tag?post=776"}],"curies":[{"name":"wp","href":"https:\/\/api.w.org\/{rel}","templated":true}]}}