{"id":775,"date":"2022-06-25T10:22:48","date_gmt":"2022-06-25T10:22:48","guid":{"rendered":"https:\/\/porodicnavinarijaorlic.rs\/products\/sauvignon-blanc-limited-edition\/"},"modified":"2022-06-25T10:22:48","modified_gmt":"2022-06-25T10:22:48","slug":"sauvignon-blanc-limited-edition","status":"publish","type":"product","link":"https:\/\/porodicnavinarijaorlic.rs\/ro\/produise\/sauvignon-blanc-limited-edition\/","title":{"rendered":"Sauvignon Blanc Limited Edition"},"content":{"rendered":"","protected":false},"excerpt":{"rendered":"<p>Edi\u021bia limitat\u0103 de vin Sauvignon Blanc este primul nostru vin dulce, realizat din soiul de struguri Sauvignon blanc, \u0219i recoltat la sf\u00e2r\u0219itul toamnei. Dulcea\u021ba vinului a fost ob\u021binut\u0103 prin oprirea fermenta\u021biei la un moment precis. \u00a0Primul nostru vin Sauvignon Blanc dulce este produs \u00eentr-o serie limitat\u0103 de 2000 de sticle. Recomand\u0103m consumarea vinului Sauvignon Blanc \u00eempreun\u0103 cu tot felul de delicatese dulci.<\/p>\n","protected":false},"featured_media":581,"template":"","meta":[],"product_cat":[57],"product_tag":[],"class_list":{"0":"post-775","1":"product","2":"type-product","3":"status-publish","4":"has-post-thumbnail","6":"product_cat-vin-alb","8":"first","9":"instock","10":"shipping-taxable","11":"purchasable","12":"product-type-simple"},"_links":{"self":[{"href":"https:\/\/porodicnavinarijaorlic.rs\/ro\/wp-json\/wp\/v2\/product\/775","targetHints":{"allow":["GET"]}}],"collection":[{"href":"https:\/\/porodicnavinarijaorlic.rs\/ro\/wp-json\/wp\/v2\/product"}],"about":[{"href":"https:\/\/porodicnavinarijaorlic.rs\/ro\/wp-json\/wp\/v2\/types\/product"}],"version-history":[{"count":0,"href":"https:\/\/porodicnavinarijaorlic.rs\/ro\/wp-json\/wp\/v2\/product\/775\/revisions"}],"wp:featuredmedia":[{"embeddable":true,"href":"https:\/\/porodicnavinarijaorlic.rs\/ro\/wp-json\/wp\/v2\/media\/581"}],"wp:attachment":[{"href":"https:\/\/porodicnavinarijaorlic.rs\/ro\/wp-json\/wp\/v2\/media?parent=775"}],"wp:term":[{"taxonomy":"product_cat","embeddable":true,"href":"https:\/\/porodicnavinarijaorlic.rs\/ro\/wp-json\/wp\/v2\/product_cat?post=775"},{"taxonomy":"product_tag","embeddable":true,"href":"https:\/\/porodicnavinarijaorlic.rs\/ro\/wp-json\/wp\/v2\/product_tag?post=775"}],"curies":[{"name":"wp","href":"https:\/\/api.w.org\/{rel}","templated":true}]}}