{"id":774,"date":"2022-06-25T10:23:29","date_gmt":"2022-06-25T10:23:29","guid":{"rendered":"https:\/\/porodicnavinarijaorlic.rs\/products\/osvit\/"},"modified":"2022-06-25T10:23:29","modified_gmt":"2022-06-25T10:23:29","slug":"osvit","status":"publish","type":"product","link":"https:\/\/porodicnavinarijaorlic.rs\/ro\/produise\/osvit\/","title":{"rendered":"\u041e\u0441\u0432\u0438\u0442"},"content":{"rendered":"","protected":false},"excerpt":{"rendered":"<p>Explor\u00e2nd avantajele podgoriei Gudurica, am c\u0103utat cele mai bune fructe \u0219i am combinat dou\u0103 dintre soiurile noastre preferate de struguri albi, cre\u00e2nd astfel esen\u021ba na\u0219terii unei noi ere a cramei noastre. Inspira\u021bi din epoca renascentist\u0103 \u0219i con\u0219tien\u021bi de noile posibilit\u0103\u021bi, i-am d\u0103ruit Osvit <em>Pove\u0219tii Gudurica<\/em>. \u00cempodobit cu un gust specific, unic \u00een fiecare sticl\u0103, Osvit este primul dintre m\u0103rcile cramei noastre, \u0219i de aceea a primit acest nume \u2013 simbolizeaz\u0103 de\u0219teptarea \u0219i noul \u00eenceput al <em>Cramei Familiei<\/em> <em>Orli\u0107. <\/em>Se poate consuma ca aperitiv, cu br\u00e2nz\u0103, \u0219unc\u0103, lipie \u0219i, desigur, pentru cei care prefer\u0103 dulcele, \u00eel servim \u00eempreun\u0103 cu \u0219trudel de mac de cas\u0103. Sauvignon Blanc i-a oferit lui Osvit o not\u0103 de noble\u021be \u0219i seriozitate, iar Muscat Ottonel i-a oferit libertate \u0219i elegan\u021b\u0103.<\/p>\n","protected":false},"featured_media":575,"template":"","meta":[],"product_cat":[57],"product_tag":[],"class_list":{"0":"post-774","1":"product","2":"type-product","3":"status-publish","4":"has-post-thumbnail","6":"product_cat-vin-alb","8":"first","9":"instock","10":"shipping-taxable","11":"purchasable","12":"product-type-simple"},"_links":{"self":[{"href":"https:\/\/porodicnavinarijaorlic.rs\/ro\/wp-json\/wp\/v2\/product\/774","targetHints":{"allow":["GET"]}}],"collection":[{"href":"https:\/\/porodicnavinarijaorlic.rs\/ro\/wp-json\/wp\/v2\/product"}],"about":[{"href":"https:\/\/porodicnavinarijaorlic.rs\/ro\/wp-json\/wp\/v2\/types\/product"}],"version-history":[{"count":0,"href":"https:\/\/porodicnavinarijaorlic.rs\/ro\/wp-json\/wp\/v2\/product\/774\/revisions"}],"wp:featuredmedia":[{"embeddable":true,"href":"https:\/\/porodicnavinarijaorlic.rs\/ro\/wp-json\/wp\/v2\/media\/575"}],"wp:attachment":[{"href":"https:\/\/porodicnavinarijaorlic.rs\/ro\/wp-json\/wp\/v2\/media?parent=774"}],"wp:term":[{"taxonomy":"product_cat","embeddable":true,"href":"https:\/\/porodicnavinarijaorlic.rs\/ro\/wp-json\/wp\/v2\/product_cat?post=774"},{"taxonomy":"product_tag","embeddable":true,"href":"https:\/\/porodicnavinarijaorlic.rs\/ro\/wp-json\/wp\/v2\/product_tag?post=774"}],"curies":[{"name":"wp","href":"https:\/\/api.w.org\/{rel}","templated":true}]}}