{"id":773,"date":"2022-06-25T10:25:45","date_gmt":"2022-06-25T10:25:45","guid":{"rendered":"https:\/\/porodicnavinarijaorlic.rs\/products\/razvigor\/"},"modified":"2022-06-25T10:25:45","modified_gmt":"2022-06-25T10:25:45","slug":"razvigor","status":"publish","type":"product","link":"https:\/\/porodicnavinarijaorlic.rs\/ro\/produise\/razvigor\/","title":{"rendered":"\u0420\u0430\u0437\u0432\u0438\u0433\u043e\u0440"},"content":{"rendered":"","protected":false},"excerpt":{"rendered":"<p>Se spune c\u0103 printre v\u00e2nturile schimb\u0103rii ne putem g\u0103si adev\u0103rata direc\u021bie. \u00a0Ascult\u00e2ndu-i pe cei care sufl\u0103 \u00een zona Gudurica, am reu\u0219it s\u0103 ne salv\u0103m vinul de energia lor distructiv\u0103 \u0219i am permis acelor adieri binevoitoare \u0219i calde s\u0103-l \u00eembr\u0103\u021bi\u0219eze, s\u0103-l re\u00eemprosp\u0103teze \u0219i s\u0103-l revigoreze. Tandre\u021bea, lumina \u0219i armonia brizei de prim\u0103var\u0103 sunt \u021besute cu grij\u0103 \u00een nuan\u021bele roz ale Razvigorului nostru. Vin t\u00e2n\u0103r, cu acizi deosebit de fructa\u021bi, u\u0219or armonios \u0219i extrem de buvabil, mirosul lui aminte\u0219te de un trandafir. Cu o temperatur\u0103 controlat\u0103 a fermenta\u021biei, inten\u021bia noastr\u0103 a fost s\u0103 eviden\u021biem prospe\u021bimea \u0219i fructuozitatea primului nostru vin ros\u00e9, produs din soiul de struguri Merlot. Se potrive\u0219te perfect cu carnea alb\u0103 pr\u0103jit\u0103, acoperit cu sos gorgonzola. De asemenea, se combin\u0103 perfect cu toate tipurile de carne la gr\u0103tar, pizza, precum \u0219i cu deserturi cremoase. \u00cel recomand\u0103m \u00een mod special cu pr\u0103jitura noastr\u0103 Razvigor cu tres leches.<\/p>\n","protected":false},"featured_media":578,"template":"","meta":[],"product_cat":[60],"product_tag":[],"class_list":{"0":"post-773","1":"product","2":"type-product","3":"status-publish","4":"has-post-thumbnail","6":"product_cat-vin-rose","8":"first","9":"instock","10":"shipping-taxable","11":"purchasable","12":"product-type-simple"},"_links":{"self":[{"href":"https:\/\/porodicnavinarijaorlic.rs\/ro\/wp-json\/wp\/v2\/product\/773","targetHints":{"allow":["GET"]}}],"collection":[{"href":"https:\/\/porodicnavinarijaorlic.rs\/ro\/wp-json\/wp\/v2\/product"}],"about":[{"href":"https:\/\/porodicnavinarijaorlic.rs\/ro\/wp-json\/wp\/v2\/types\/product"}],"version-history":[{"count":0,"href":"https:\/\/porodicnavinarijaorlic.rs\/ro\/wp-json\/wp\/v2\/product\/773\/revisions"}],"wp:featuredmedia":[{"embeddable":true,"href":"https:\/\/porodicnavinarijaorlic.rs\/ro\/wp-json\/wp\/v2\/media\/578"}],"wp:attachment":[{"href":"https:\/\/porodicnavinarijaorlic.rs\/ro\/wp-json\/wp\/v2\/media?parent=773"}],"wp:term":[{"taxonomy":"product_cat","embeddable":true,"href":"https:\/\/porodicnavinarijaorlic.rs\/ro\/wp-json\/wp\/v2\/product_cat?post=773"},{"taxonomy":"product_tag","embeddable":true,"href":"https:\/\/porodicnavinarijaorlic.rs\/ro\/wp-json\/wp\/v2\/product_tag?post=773"}],"curies":[{"name":"wp","href":"https:\/\/api.w.org\/{rel}","templated":true}]}}