{"id":772,"date":"2022-06-25T10:25:04","date_gmt":"2022-06-25T10:25:04","guid":{"rendered":"https:\/\/porodicnavinarijaorlic.rs\/products\/cabernet-sauvignon\/"},"modified":"2022-06-25T10:25:04","modified_gmt":"2022-06-25T10:25:04","slug":"cabernet-sauvignon","status":"publish","type":"product","link":"https:\/\/porodicnavinarijaorlic.rs\/ro\/produise\/cabernet-sauvignon\/","title":{"rendered":"Cabernet Sauvignon"},"content":{"rendered":"","protected":false},"excerpt":{"rendered":"<p>Cabernet Sauvignon este ro\u0219u rubin, armonios \u0219i plin de arom\u0103. Gustul s\u0103u este dominat de fructe de p\u0103dure, iar aroma are un caracter varietal. Se potrive\u0219te cu soiurile de br\u00e2nz\u0103 albastr\u0103 \u0219i ripe \u0219i cu carnea la gr\u0103tar. Recomand\u0103m servirea cu pr\u0103jituri pe baz\u0103 de ciocolat\u0103.<\/p>\n","protected":false},"featured_media":566,"template":"","meta":[],"product_cat":[59],"product_tag":[],"class_list":{"0":"post-772","1":"product","2":"type-product","3":"status-publish","4":"has-post-thumbnail","6":"product_cat-vin-rosu","8":"first","9":"instock","10":"shipping-taxable","11":"purchasable","12":"product-type-simple"},"_links":{"self":[{"href":"https:\/\/porodicnavinarijaorlic.rs\/ro\/wp-json\/wp\/v2\/product\/772","targetHints":{"allow":["GET"]}}],"collection":[{"href":"https:\/\/porodicnavinarijaorlic.rs\/ro\/wp-json\/wp\/v2\/product"}],"about":[{"href":"https:\/\/porodicnavinarijaorlic.rs\/ro\/wp-json\/wp\/v2\/types\/product"}],"version-history":[{"count":0,"href":"https:\/\/porodicnavinarijaorlic.rs\/ro\/wp-json\/wp\/v2\/product\/772\/revisions"}],"wp:featuredmedia":[{"embeddable":true,"href":"https:\/\/porodicnavinarijaorlic.rs\/ro\/wp-json\/wp\/v2\/media\/566"}],"wp:attachment":[{"href":"https:\/\/porodicnavinarijaorlic.rs\/ro\/wp-json\/wp\/v2\/media?parent=772"}],"wp:term":[{"taxonomy":"product_cat","embeddable":true,"href":"https:\/\/porodicnavinarijaorlic.rs\/ro\/wp-json\/wp\/v2\/product_cat?post=772"},{"taxonomy":"product_tag","embeddable":true,"href":"https:\/\/porodicnavinarijaorlic.rs\/ro\/wp-json\/wp\/v2\/product_tag?post=772"}],"curies":[{"name":"wp","href":"https:\/\/api.w.org\/{rel}","templated":true}]}}