{"id":770,"date":"2022-06-25T10:24:05","date_gmt":"2022-06-25T10:24:05","guid":{"rendered":"https:\/\/porodicnavinarijaorlic.rs\/products\/nero\/"},"modified":"2022-11-30T14:15:31","modified_gmt":"2022-11-30T14:15:31","slug":"nero","status":"publish","type":"product","link":"https:\/\/porodicnavinarijaorlic.rs\/ro\/produise\/nero\/","title":{"rendered":"\u041d\u0435\u0440\u043e"},"content":{"rendered":"","protected":false},"excerpt":{"rendered":"<p>Al treilea \u0219i cel mai premiat brand al nostru a fost creat \u00een Banatul de Sud, la bazele mun\u021bilor Vr\u0161ac, prin combinarea a dou\u0103 soiuri de struguri, Merlot \u0219i Cabernet Sauvignon. Culoarea lui Conte Nero trece de la albastru \u00eenchis la violet. Caracterizat de arome de afine \u0219i prune, cu o not\u0103 de esen\u021b\u0103 de plante, Conte Nero este un vin de corp mediu, neted \u0219i rotunjit. Conte Nero trebuie decantat \u00eenainte de servire datorit\u0103 prezen\u021bei extractelor \u00een vin. V\u0103 recomand\u0103m s\u0103 servi\u021bi Conte Nero al\u0103turi de preparate din carne ro\u0219ie de c\u0103prioar\u0103 la gr\u0103tar, fripturi, br\u00e2nz\u0103, precum \u0219i deserturi de ciocolat\u0103.<\/p>\n","protected":false},"featured_media":1239,"template":"","meta":[],"product_cat":[59],"product_tag":[],"class_list":{"0":"post-770","1":"product","2":"type-product","3":"status-publish","4":"has-post-thumbnail","6":"product_cat-vin-rosu","8":"first","9":"instock","10":"shipping-taxable","11":"purchasable","12":"product-type-simple"},"_links":{"self":[{"href":"https:\/\/porodicnavinarijaorlic.rs\/ro\/wp-json\/wp\/v2\/product\/770","targetHints":{"allow":["GET"]}}],"collection":[{"href":"https:\/\/porodicnavinarijaorlic.rs\/ro\/wp-json\/wp\/v2\/product"}],"about":[{"href":"https:\/\/porodicnavinarijaorlic.rs\/ro\/wp-json\/wp\/v2\/types\/product"}],"version-history":[{"count":1,"href":"https:\/\/porodicnavinarijaorlic.rs\/ro\/wp-json\/wp\/v2\/product\/770\/revisions"}],"predecessor-version":[{"id":771,"href":"https:\/\/porodicnavinarijaorlic.rs\/ro\/wp-json\/wp\/v2\/product\/770\/revisions\/771"}],"wp:featuredmedia":[{"embeddable":true,"href":"https:\/\/porodicnavinarijaorlic.rs\/ro\/wp-json\/wp\/v2\/media\/1239"}],"wp:attachment":[{"href":"https:\/\/porodicnavinarijaorlic.rs\/ro\/wp-json\/wp\/v2\/media?parent=770"}],"wp:term":[{"taxonomy":"product_cat","embeddable":true,"href":"https:\/\/porodicnavinarijaorlic.rs\/ro\/wp-json\/wp\/v2\/product_cat?post=770"},{"taxonomy":"product_tag","embeddable":true,"href":"https:\/\/porodicnavinarijaorlic.rs\/ro\/wp-json\/wp\/v2\/product_tag?post=770"}],"curies":[{"name":"wp","href":"https:\/\/api.w.org\/{rel}","templated":true}]}}