{"id":769,"date":"2022-06-25T10:45:01","date_gmt":"2022-06-25T10:45:01","guid":{"rendered":"https:\/\/porodicnavinarijaorlic.rs\/products\/rozga\/"},"modified":"2022-06-25T10:45:01","modified_gmt":"2022-06-25T10:45:01","slug":"rozga","status":"publish","type":"product","link":"https:\/\/porodicnavinarijaorlic.rs\/ro\/produise\/rozga\/","title":{"rendered":"\u0420\u043e\u0437\u0433\u0430"},"content":{"rendered":"","protected":false},"excerpt":{"rendered":"<p>Tradi\u021bia este o frumuse\u021be care trebuie p\u0103strat\u0103, nu un lan\u021b care ne leag\u0103. Unele tradi\u021bii foarte importante se potrivesc, pur \u0219i simplu, locului \u0219i nu pot fi replantate cu u\u0219urin\u021b\u0103. Sunt bunuri pre\u021bioase, care odat\u0103 pierdute, sunt foarte greu de restaurat. De\u0219i relativ t\u00e2n\u0103r\u0103 \u0219i \u00eendreptat\u0103 spre progres, \u00eenc\u0103 de la \u00eenceput, <em>Crama Familiei<\/em> <em>Orli\u0107 <\/em>a stabilit p\u0103strarea tradi\u021biei pove\u0219tii <em>Gudurica<\/em> ca un imperativ absolut. Cultiv\u00e2nd respectul \u0219i grija, am reu\u0219it s\u0103 men\u021binem \u0219i s\u0103 \u00eembun\u0103t\u0103\u021bim o b\u0103utur\u0103 de o calitate excep\u021bional\u0103. Fabricat dup\u0103 re\u021beta b\u0103\u0219tina\u0219ilor din Valea Guduricei, \u021buica Rozga (slavona bisericeasc\u0103 pentru vi\u021b\u0103 de vie), cunoscut\u0103 \u0219i sub denumirea de ,,grappa\u201d (\u021buic\u0103 de struguri) \u00een istoria medieval\u0103, este produs\u0103 \u00een aceast\u0103 cram\u0103 din boabe de cea mai \u00eenalt\u0103 calitate din dou\u0103 soiuri diferite de struguri. Muscat Ottonel \u0219i Muscat Hamburg alc\u0103tuiesc esen\u021ba acestei b\u0103uturi premium, iar secretul gustului \u0219i calit\u0103\u021bii sale incredibile const\u0103 \u00een timpul dedicat \u0219i modul extrem de devotat \u0219i r\u0103bd\u0103tor de a ob\u021bine propriet\u0103\u021bi unice. Ghidat de zicala c\u0103 lucrurile bune merit\u0103 a\u0219teptarea, procesul de maturare al acestei \u021buici nu a fost accelerat, ci i-au fost da\u021bi cinci ani, f\u0103c\u00e2nd din Rozga un plus indispensabil la oferta noastr\u0103 de azi.<\/p>\n<p>Adev\u0103rata tradi\u021bie nu este o m\u0103rturie a ceea ce a fost c\u00e2ndva, ci o for\u021b\u0103 vie care mi\u0219c\u0103 \u0219i completeaz\u0103 prezentul. Aceast\u0103 putere poate fi sim\u021bit\u0103 chiar de la prima \u00eenghi\u021bitur\u0103 din \u021buica Rozga care e greu de uitat.<\/p>\n","protected":false},"featured_media":584,"template":"","meta":[],"product_cat":[58],"product_tag":[],"class_list":{"0":"post-769","1":"product","2":"type-product","3":"status-publish","4":"has-post-thumbnail","6":"product_cat-rachiu","8":"first","9":"instock","10":"shipping-taxable","11":"purchasable","12":"product-type-simple"},"_links":{"self":[{"href":"https:\/\/porodicnavinarijaorlic.rs\/ro\/wp-json\/wp\/v2\/product\/769","targetHints":{"allow":["GET"]}}],"collection":[{"href":"https:\/\/porodicnavinarijaorlic.rs\/ro\/wp-json\/wp\/v2\/product"}],"about":[{"href":"https:\/\/porodicnavinarijaorlic.rs\/ro\/wp-json\/wp\/v2\/types\/product"}],"version-history":[{"count":0,"href":"https:\/\/porodicnavinarijaorlic.rs\/ro\/wp-json\/wp\/v2\/product\/769\/revisions"}],"wp:featuredmedia":[{"embeddable":true,"href":"https:\/\/porodicnavinarijaorlic.rs\/ro\/wp-json\/wp\/v2\/media\/584"}],"wp:attachment":[{"href":"https:\/\/porodicnavinarijaorlic.rs\/ro\/wp-json\/wp\/v2\/media?parent=769"}],"wp:term":[{"taxonomy":"product_cat","embeddable":true,"href":"https:\/\/porodicnavinarijaorlic.rs\/ro\/wp-json\/wp\/v2\/product_cat?post=769"},{"taxonomy":"product_tag","embeddable":true,"href":"https:\/\/porodicnavinarijaorlic.rs\/ro\/wp-json\/wp\/v2\/product_tag?post=769"}],"curies":[{"name":"wp","href":"https:\/\/api.w.org\/{rel}","templated":true}]}}