{"id":644,"date":"2022-06-25T22:15:37","date_gmt":"2022-06-25T22:15:37","guid":{"rendered":"https:\/\/porodicnavinarijaorlic.rs\/despre-noi\/"},"modified":"2022-12-22T20:20:20","modified_gmt":"2022-12-22T20:20:20","slug":"despre-noi","status":"publish","type":"page","link":"https:\/\/porodicnavinarijaorlic.rs\/ro\/despre-noi\/","title":{"rendered":"Despre noi"},"content":{"rendered":"\t\t<div data-elementor-type=\"wp-page\" data-elementor-id=\"644\" class=\"elementor elementor-644 elementor-222\" data-elementor-post-type=\"page\">\n\t\t\t\t\t\t<section class=\"elementor-section elementor-top-section elementor-element elementor-element-4ec26b27 elementor-section-height-min-height elementor-section-boxed elementor-section-height-default elementor-section-items-middle\" data-id=\"4ec26b27\" data-element_type=\"section\" data-settings=\"{&quot;background_background&quot;:&quot;classic&quot;}\">\n\t\t\t\t\t\t<div class=\"elementor-container elementor-column-gap-default\">\n\t\t\t\t\t<div class=\"elementor-column elementor-col-100 elementor-top-column elementor-element elementor-element-38bec962\" data-id=\"38bec962\" data-element_type=\"column\">\n\t\t\t<div class=\"elementor-widget-wrap elementor-element-populated\">\n\t\t\t\t\t\t<div class=\"elementor-element elementor-element-19ab891c elementor-widget elementor-widget-heading\" data-id=\"19ab891c\" data-element_type=\"widget\" data-widget_type=\"heading.default\">\n\t\t\t\t<div class=\"elementor-widget-container\">\n\t\t\t<p class=\"elementor-heading-title elementor-size-default\">Crama Familiei Orli\u0107<\/p>\t\t<\/div>\n\t\t\t\t<\/div>\n\t\t\t\t<div class=\"elementor-element elementor-element-73ffffc3 elementor-widget elementor-widget-heading\" data-id=\"73ffffc3\" data-element_type=\"widget\" data-widget_type=\"heading.default\">\n\t\t\t\t<div class=\"elementor-widget-container\">\n\t\t\t<h1 class=\"elementor-heading-title elementor-size-default\">Despre noi<\/h1>\t\t<\/div>\n\t\t\t\t<\/div>\n\t\t\t\t\t<\/div>\n\t\t<\/div>\n\t\t\t\t\t<\/div>\n\t\t<\/section>\n\t\t\t\t<section class=\"elementor-section elementor-top-section elementor-element elementor-element-6e2e174e elementor-section-boxed elementor-section-height-default elementor-section-height-default\" data-id=\"6e2e174e\" data-element_type=\"section\" data-settings=\"{&quot;background_background&quot;:&quot;classic&quot;}\">\n\t\t\t\t\t\t\t<div class=\"elementor-background-overlay\"><\/div>\n\t\t\t\t\t\t\t<div class=\"elementor-container elementor-column-gap-wide\">\n\t\t\t\t\t<div class=\"elementor-column elementor-col-33 elementor-top-column elementor-element elementor-element-15090eac\" data-id=\"15090eac\" data-element_type=\"column\">\n\t\t\t<div class=\"elementor-widget-wrap\">\n\t\t\t\t\t\t\t<\/div>\n\t\t<\/div>\n\t\t\t\t<div class=\"elementor-column elementor-col-33 elementor-top-column elementor-element elementor-element-78b78be\" data-id=\"78b78be\" data-element_type=\"column\">\n\t\t\t<div class=\"elementor-widget-wrap elementor-element-populated\">\n\t\t\t\t\t\t<div class=\"elementor-element elementor-element-783d1bf elementor-widget elementor-widget-text-editor\" data-id=\"783d1bf\" data-element_type=\"widget\" data-widget_type=\"text-editor.default\">\n\t\t\t\t<div class=\"elementor-widget-container\">\n\t\t\t\t\t\t\t<p>Tainele ascunse de vii \u0219i vi\u021b\u0103 de vie, neatinse \u0219i s\u0103lbatice, r\u0103t\u0103cesc prin natur\u0103 \u0219i nu \u00eenceteaz\u0103 s\u0103 ne uimeasc\u0103 p\u00e2n\u0103 c\u00e2nd se instaleaz\u0103 \u00eentr-un set de m\u00e2ini pricepute pe care le-au ales. G\u0103sirea armoniei \u0219i a unicit\u0103\u021bii, acolo unde al\u021bii nu o v\u0103d, este o abilitate rar\u0103.<\/p>\n<p>Tocmai de aceea, nu este surprinz\u0103tor c\u0103 secretele Cramei Familiei Orli\u0107 \u0219i-au g\u0103sit casa chiar la por\u021bile Carpa\u021bilor, la poalele mun\u021bilor Vr\u0161ac, \u00een ochii acelora care au recunoscut importan\u021ba \u00eengrijirii \u0219i \u0219i conserv\u0103rii abunden\u021bei pe care acest peisaj viticol \u00eel aduce.<\/p>\n<p>Atemporalitatea \u0219i bog\u0103\u021bia acestor peisaje i-au atras \u0219i captivat pe mul\u021bi. \u00cen copil\u0103rie, pictorul celebru \u2013 Robert Hammersteel, a c\u0103rui neam este \u00eenr\u0103d\u0103cinat \u00een p\u0103m\u00e2ntul din Gudurica \u2013 locul de na\u0219tere al mamei sale, s-a putut bucura de splendoarea acestei v\u0103i. Urmele leg\u0103turii ne\u00eentrerupte dintre faimosul pictor austriac \u0219i valea Banatului sunt conservate \u00eentr-un muzeu nu departe de cram\u0103. Faptul c\u0103 pre\u021bul vinului din Europa a fost determinat \u00een func\u021bie de pre\u021bul vinului din Gudurica afirm\u0103 puterea \u0219i influen\u021ba nectarului de vin din aceast\u0103 zon\u0103.<\/p>\n<p>Povestea acestei v\u0103i cunoa\u0219te o \u00eentors\u0103tur\u0103 \u0219i un nou \u00eenceput \u00een 2021, o dat\u0103 cu investi\u021bia de capital \u0219i energie \u00een faimoasa cl\u0103dire \u0219i pivni\u021b\u0103 \u201eGuduri\u010dka pri\u010da\u201d a familiei Orli\u0107.<\/p>\n<p>Conducerea, \u00eempreun\u0103 cu procesul de re\u00eennoire a produc\u021biei cramei, este preluat\u0103 de o echip\u0103 de tineri oenologi\u0219ti experimenta\u021bi a c\u0103ror priorit\u0103\u021bi, din prima zi, au fost conservarea \u0219i \u00eembun\u0103t\u0103\u021birea tradi\u021biei vinicole deja existente. De atunci, Gardienii Tradi\u021biei Vinului, \u00ee\u0219i pun cuno\u0219tin\u021bele, munca \u0219i dedicarea \u00eenspre a face din podgoria Gudurica un punct indispensabil pe harta vinului din Europa, dar \u0219i spre a continua s\u0103 imbun\u0103t\u0103\u021beasc\u0103 produc\u021bia vinului de calitate superioar\u0103.<\/p>\n<p>Noua energie \u0219i experien\u021b\u0103 profesional\u0103 a oamenilor, m\u00e2n\u0103 \u00een m\u00e2n\u0103, creeaz\u0103 o leg\u0103tur\u0103 fructuoas\u0103 \u00eentre echipamentele moderne \u0219i cultura de decenii a produc\u021biei de vin \u0219i \u021buic\u0103. Pivni\u021ba Cramei Familiei Orli\u0107 are, \u00een ziua de ast\u0103zi, o capacitate de 60,000 de litri, precum \u0219i 10 hectare de vi\u021b\u0103 de vie aflate \u00een cultivare activ\u0103.<\/p>\n\t\t\t\t\t\t<\/div>\n\t\t\t\t<\/div>\n\t\t\t\t\t<\/div>\n\t\t<\/div>\n\t\t\t\t<div class=\"elementor-column elementor-col-33 elementor-top-column elementor-element elementor-element-629f1af0\" data-id=\"629f1af0\" data-element_type=\"column\">\n\t\t\t<div class=\"elementor-widget-wrap\">\n\t\t\t\t\t\t\t<\/div>\n\t\t<\/div>\n\t\t\t\t\t<\/div>\n\t\t<\/section>\n\t\t\t\t<\/div>\n\t\t","protected":false},"excerpt":{"rendered":"<p>Crama Familiei Orli\u0107 Despre noi Tainele ascunse de vii \u0219i vi\u021b\u0103 de vie, neatinse \u0219i s\u0103lbatice, r\u0103t\u0103cesc prin natur\u0103 \u0219i nu \u00eenceteaz\u0103 s\u0103 ne uimeasc\u0103 p\u00e2n\u0103 c\u00e2nd se instaleaz\u0103 \u00eentr-un set de m\u00e2ini pricepute pe care le-au ales. G\u0103sirea armoniei \u0219i a unicit\u0103\u021bii, acolo unde al\u021bii nu o v\u0103d, este o abilitate rar\u0103. Tocmai de [&hellip;]<\/p>\n","protected":false},"author":1,"featured_media":0,"parent":0,"menu_order":0,"comment_status":"closed","ping_status":"closed","template":"","meta":{"footnotes":""},"class_list":["post-644","page","type-page","status-publish","hentry"],"_links":{"self":[{"href":"https:\/\/porodicnavinarijaorlic.rs\/ro\/wp-json\/wp\/v2\/pages\/644","targetHints":{"allow":["GET"]}}],"collection":[{"href":"https:\/\/porodicnavinarijaorlic.rs\/ro\/wp-json\/wp\/v2\/pages"}],"about":[{"href":"https:\/\/porodicnavinarijaorlic.rs\/ro\/wp-json\/wp\/v2\/types\/page"}],"author":[{"embeddable":true,"href":"https:\/\/porodicnavinarijaorlic.rs\/ro\/wp-json\/wp\/v2\/users\/1"}],"replies":[{"embeddable":true,"href":"https:\/\/porodicnavinarijaorlic.rs\/ro\/wp-json\/wp\/v2\/comments?post=644"}],"version-history":[{"count":8,"href":"https:\/\/porodicnavinarijaorlic.rs\/ro\/wp-json\/wp\/v2\/pages\/644\/revisions"}],"predecessor-version":[{"id":1178,"href":"https:\/\/porodicnavinarijaorlic.rs\/ro\/wp-json\/wp\/v2\/pages\/644\/revisions\/1178"}],"wp:attachment":[{"href":"https:\/\/porodicnavinarijaorlic.rs\/ro\/wp-json\/wp\/v2\/media?parent=644"}],"curies":[{"name":"wp","href":"https:\/\/api.w.org\/{rel}","templated":true}]}}